{"id":174,"date":"2024-07-28T22:02:34","date_gmt":"2024-07-28T22:02:34","guid":{"rendered":"https:\/\/deboedovengo.com\/?page_id=174"},"modified":"2024-08-20T11:45:56","modified_gmt":"2024-08-20T11:45:56","slug":"la-gloriosa","status":"publish","type":"page","link":"https:\/\/deboedovengo.com\/index.php\/la-gloriosa\/","title":{"rendered":"Proyecto La Gloriosa"},"content":{"rendered":"<p>El 7 de Noviembre de 2007 presentamos el Proyecto La Gloriosa (<strong>PLG<\/strong>), una idea que fue trabajada de manera tal que contemplaba tres planes que pod\u00edan ser simult\u00e1neos o por separado de acuerdo a los tiempos posibles de ejecuci\u00f3n.<\/p>\n<p><iframe title=\"Presentaci\u00f3n Proyecto La Gloriosa 2023\" width=\"720\" height=\"405\" src=\"https:\/\/www.youtube.com\/embed\/xZhZP9HEln4?feature=oembed\" frameborder=\"0\" allow=\"accelerometer; autoplay; clipboard-write; encrypted-media; gyroscope; picture-in-picture; web-share\" referrerpolicy=\"strict-origin-when-cross-origin\" allowfullscreen><\/iframe><\/p>\n<p><strong>Plan A<\/strong>: Ampliaci\u00f3n de la sede de Avenida La Plata.<\/p>\n<p><iframe title=\"AMPLIACI\u00d3N DE LA SEDE\" width=\"720\" height=\"405\" src=\"https:\/\/www.youtube.com\/embed\/IxbPb2-DG6Q?feature=oembed\" frameborder=\"0\" allow=\"accelerometer; autoplay; clipboard-write; encrypted-media; gyroscope; picture-in-picture; web-share\" referrerpolicy=\"strict-origin-when-cross-origin\" allowfullscreen><\/iframe><\/p>\n<p>Plan B: Recupero de la Plaza M\u00e1rmol.<\/p>\n<p>Plan C: Recuperar de una vez por todas el terreno de Av. La Plata al 1700. Y por cierto el recupero de la local\u00eda con arraigo.<\/p>\n<p><iframe title=\"Presentaci\u00f3n del Proyecto La Gloriosa 2007 - De Boedo Vengo\" width=\"720\" height=\"405\" src=\"https:\/\/www.youtube.com\/embed\/j5gKKXy0kTg?feature=oembed\" frameborder=\"0\" allow=\"accelerometer; autoplay; clipboard-write; encrypted-media; gyroscope; picture-in-picture; web-share\" referrerpolicy=\"strict-origin-when-cross-origin\" allowfullscreen><\/iframe><\/p>\n<p>El barrio de Boedo ser\u00eda nuevamente un centro deportivo, social y cultural de pertenencia a lo estrictamente porte\u00f1o y sanlorencista de inter\u00e9s tur\u00edstico, nacional e internacional. <strong>POR SUPUESTO, CON SAN LORENZO Y SU HINCHADA COMO EJE DE ESA TRANSFORMACION.<\/strong><\/p>\n<p>Nuestro objetivo siempre fue potenciar la imagen de San Lorenzo como ente deportivo, cultural, tur\u00edstico y, sobre todo, social. El Club tiene recursos hist\u00f3ricos de sobra como para afrontar el desaf\u00edo.<\/p>\n<p>Adem\u00e1s de los beneficios que implica sacar a los j\u00f3venes de la calle, estaremos trabajando bajo el legado que nos dejo el Padre Lorenzo Massa que es el de arraigar a los chicos para con San Lorenzo y el barrio.<\/p>\n<p>Y tambi\u00e9n pensamos en potenciar a Boedo a trav\u00e9s de un repunte desde lo econ\u00f3mico ya que las propiedades, estimamos, se podr\u00edan revalorizar entre un 25% y un 30%.<\/p>\n<p>El trabajo estaba contemplado para un estadio con una capacidad de m\u00e1s de 60.000 espectadores con todas las comodidades, servicios para con la prensa y salidas de emergencia tal como los d\u00edas de hoy lo indican. Contempla una playa de estacionamiento subterr\u00e1neo para 804 autom\u00f3viles. El predio tiene previsto un desalojo del estadio en siete minutos.<\/p>\n<p>La dimensi\u00f3n del terreno de juego es de 105&#215;70 y la distancia del campo con las gradas es de 7 metros de ancho. Con esto apuntamos, no solo a recuperar el arraigo y sentido de pertenencia al barrio, si no tambi\u00e9n a generar nuevos recursos econ\u00f3micos que bien administrados pueden potenciar con inteligencia, amor y predisposici\u00f3n al trabajo, para llevar al CASLA a lo m\u00e1s alto.<\/p>\n<p>24 a\u00f1os despu\u00e9s, seguimos trabajando para volver a Av. La Plata. El Proyecto La Gloriosa, actualizado y modernizado, contin\u00faa a disposici\u00f3n del Club.<\/p>\n<p><iframe title=\"BASTA DE DEMORAR LA VUELTA\" width=\"720\" height=\"405\" src=\"https:\/\/www.youtube.com\/embed\/rRPpHY8CufU?feature=oembed\" frameborder=\"0\" allow=\"accelerometer; autoplay; clipboard-write; encrypted-media; gyroscope; picture-in-picture; web-share\" referrerpolicy=\"strict-origin-when-cross-origin\" allowfullscreen><\/iframe><\/p>\n","protected":false},"excerpt":{"rendered":"<p>El 7 de Noviembre de 2007 presentamos el Proyecto La Gloriosa (PLG), una idea que fue trabajada de manera tal que contemplaba tres planes que pod\u00edan ser simult\u00e1neos o por separado de acuerdo a los tiempos posibles de ejecuci\u00f3n. Plan A: Ampliaci\u00f3n de la sede de Avenida La Plata. Plan B: Recupero de la Plaza [&hellip;]<\/p>\n","protected":false},"author":1,"featured_media":0,"parent":0,"menu_order":0,"comment_status":"closed","ping_status":"closed","template":"","meta":{"footnotes":""},"class_list":["post-174","page","type-page","status-publish","hentry","post"],"yoast_head":"<!-- This site is optimized with the Yoast SEO plugin v23.1 - https:\/\/yoast.com\/wordpress\/plugins\/seo\/ -->\n<title>Proyecto La Gloriosa - DeBoedoVengo<\/title>\n<meta name=\"robots\" content=\"index, follow, max-snippet:-1, max-image-preview:large, max-video-preview:-1\" \/>\n<link rel=\"canonical\" href=\"https:\/\/deboedovengo.com\/index.php\/la-gloriosa\/\" \/>\n<meta property=\"og:locale\" content=\"es_ES\" \/>\n<meta property=\"og:type\" content=\"article\" \/>\n<meta property=\"og:title\" content=\"Proyecto La Gloriosa - DeBoedoVengo\" \/>\n<meta property=\"og:description\" content=\"El 7 de Noviembre de 2007 presentamos el Proyecto La Gloriosa (PLG), una idea que fue trabajada de manera tal que contemplaba tres planes que pod\u00edan ser simult\u00e1neos o por separado de acuerdo a los tiempos posibles de ejecuci\u00f3n. Plan A: Ampliaci\u00f3n de la sede de Avenida La Plata. Plan B: Recupero de la Plaza [&hellip;]\" \/>\n<meta property=\"og:url\" content=\"https:\/\/deboedovengo.com\/index.php\/la-gloriosa\/\" \/>\n<meta property=\"og:site_name\" content=\"DeBoedoVengo\" \/>\n<meta property=\"article:modified_time\" content=\"2024-08-20T11:45:56+00:00\" \/>\n<meta name=\"twitter:card\" content=\"summary_large_image\" \/>\n<meta name=\"twitter:label1\" content=\"Tiempo de lectura\" \/>\n\t<meta name=\"twitter:data1\" content=\"2 minutos\" \/>\n<script type=\"application\/ld+json\" class=\"yoast-schema-graph\">{\"@context\":\"https:\/\/schema.org\",\"@graph\":[{\"@type\":\"WebPage\",\"@id\":\"https:\/\/deboedovengo.com\/index.php\/la-gloriosa\/\",\"url\":\"https:\/\/deboedovengo.com\/index.php\/la-gloriosa\/\",\"name\":\"Proyecto La Gloriosa - DeBoedoVengo\",\"isPartOf\":{\"@id\":\"https:\/\/deboedovengo.com\/#website\"},\"datePublished\":\"2024-07-28T22:02:34+00:00\",\"dateModified\":\"2024-08-20T11:45:56+00:00\",\"breadcrumb\":{\"@id\":\"https:\/\/deboedovengo.com\/index.php\/la-gloriosa\/#breadcrumb\"},\"inLanguage\":\"es\",\"potentialAction\":[{\"@type\":\"ReadAction\",\"target\":[\"https:\/\/deboedovengo.com\/index.php\/la-gloriosa\/\"]}]},{\"@type\":\"BreadcrumbList\",\"@id\":\"https:\/\/deboedovengo.com\/index.php\/la-gloriosa\/#breadcrumb\",\"itemListElement\":[{\"@type\":\"ListItem\",\"position\":1,\"name\":\"Portada\",\"item\":\"https:\/\/deboedovengo.com\/\"},{\"@type\":\"ListItem\",\"position\":2,\"name\":\"Proyecto La Gloriosa\"}]},{\"@type\":\"WebSite\",\"@id\":\"https:\/\/deboedovengo.com\/#website\",\"url\":\"https:\/\/deboedovengo.com\/\",\"name\":\"DeBoedoVengo\",\"description\":\"Boedo\/Argentina\",\"potentialAction\":[{\"@type\":\"SearchAction\",\"target\":{\"@type\":\"EntryPoint\",\"urlTemplate\":\"https:\/\/deboedovengo.com\/?s={search_term_string}\"},\"query-input\":\"required name=search_term_string\"}],\"inLanguage\":\"es\"}]}<\/script>\n<!-- \/ Yoast SEO plugin. -->","yoast_head_json":{"title":"Proyecto La Gloriosa - DeBoedoVengo","robots":{"index":"index","follow":"follow","max-snippet":"max-snippet:-1","max-image-preview":"max-image-preview:large","max-video-preview":"max-video-preview:-1"},"canonical":"https:\/\/deboedovengo.com\/index.php\/la-gloriosa\/","og_locale":"es_ES","og_type":"article","og_title":"Proyecto La Gloriosa - DeBoedoVengo","og_description":"El 7 de Noviembre de 2007 presentamos el Proyecto La Gloriosa (PLG), una idea que fue trabajada de manera tal que contemplaba tres planes que pod\u00edan ser simult\u00e1neos o por separado de acuerdo a los tiempos posibles de ejecuci\u00f3n. Plan A: Ampliaci\u00f3n de la sede de Avenida La Plata. Plan B: Recupero de la Plaza [&hellip;]","og_url":"https:\/\/deboedovengo.com\/index.php\/la-gloriosa\/","og_site_name":"DeBoedoVengo","article_modified_time":"2024-08-20T11:45:56+00:00","twitter_card":"summary_large_image","twitter_misc":{"Tiempo de lectura":"2 minutos"},"schema":{"@context":"https:\/\/schema.org","@graph":[{"@type":"WebPage","@id":"https:\/\/deboedovengo.com\/index.php\/la-gloriosa\/","url":"https:\/\/deboedovengo.com\/index.php\/la-gloriosa\/","name":"Proyecto La Gloriosa - DeBoedoVengo","isPartOf":{"@id":"https:\/\/deboedovengo.com\/#website"},"datePublished":"2024-07-28T22:02:34+00:00","dateModified":"2024-08-20T11:45:56+00:00","breadcrumb":{"@id":"https:\/\/deboedovengo.com\/index.php\/la-gloriosa\/#breadcrumb"},"inLanguage":"es","potentialAction":[{"@type":"ReadAction","target":["https:\/\/deboedovengo.com\/index.php\/la-gloriosa\/"]}]},{"@type":"BreadcrumbList","@id":"https:\/\/deboedovengo.com\/index.php\/la-gloriosa\/#breadcrumb","itemListElement":[{"@type":"ListItem","position":1,"name":"Portada","item":"https:\/\/deboedovengo.com\/"},{"@type":"ListItem","position":2,"name":"Proyecto La Gloriosa"}]},{"@type":"WebSite","@id":"https:\/\/deboedovengo.com\/#website","url":"https:\/\/deboedovengo.com\/","name":"DeBoedoVengo","description":"Boedo\/Argentina","potentialAction":[{"@type":"SearchAction","target":{"@type":"EntryPoint","urlTemplate":"https:\/\/deboedovengo.com\/?s={search_term_string}"},"query-input":"required name=search_term_string"}],"inLanguage":"es"}]}},"_links":{"self":[{"href":"https:\/\/deboedovengo.com\/index.php\/wp-json\/wp\/v2\/pages\/174","targetHints":{"allow":["GET"]}}],"collection":[{"href":"https:\/\/deboedovengo.com\/index.php\/wp-json\/wp\/v2\/pages"}],"about":[{"href":"https:\/\/deboedovengo.com\/index.php\/wp-json\/wp\/v2\/types\/page"}],"author":[{"embeddable":true,"href":"https:\/\/deboedovengo.com\/index.php\/wp-json\/wp\/v2\/users\/1"}],"replies":[{"embeddable":true,"href":"https:\/\/deboedovengo.com\/index.php\/wp-json\/wp\/v2\/comments?post=174"}],"version-history":[{"count":5,"href":"https:\/\/deboedovengo.com\/index.php\/wp-json\/wp\/v2\/pages\/174\/revisions"}],"predecessor-version":[{"id":224,"href":"https:\/\/deboedovengo.com\/index.php\/wp-json\/wp\/v2\/pages\/174\/revisions\/224"}],"wp:attachment":[{"href":"https:\/\/deboedovengo.com\/index.php\/wp-json\/wp\/v2\/media?parent=174"}],"curies":[{"name":"wp","href":"https:\/\/api.w.org\/{rel}","templated":true}]}}