{"id":161,"date":"2024-07-28T21:44:41","date_gmt":"2024-07-28T21:44:41","guid":{"rendered":"https:\/\/deboedovengo.com\/?page_id=161"},"modified":"2024-10-17T11:32:16","modified_gmt":"2024-10-17T11:32:16","slug":"quienes-somos","status":"publish","type":"page","link":"https:\/\/deboedovengo.com\/index.php\/quienes-somos\/","title":{"rendered":"Quienes somos"},"content":{"rendered":"<p><img fetchpriority=\"high\" decoding=\"async\" class=\" wp-image-279 alignright\" src=\"https:\/\/deboedovengo.com\/wp-content\/uploads\/2024\/10\/Diseno_sin_titulo__25_-removebg-preview-300x300.png\" alt=\"DBV\" width=\"387\" height=\"387\" srcset=\"https:\/\/deboedovengo.com\/wp-content\/uploads\/2024\/10\/Diseno_sin_titulo__25_-removebg-preview-300x300.png 300w, https:\/\/deboedovengo.com\/wp-content\/uploads\/2024\/10\/Diseno_sin_titulo__25_-removebg-preview-150x150.png 150w, https:\/\/deboedovengo.com\/wp-content\/uploads\/2024\/10\/Diseno_sin_titulo__25_-removebg-preview.png 500w\" sizes=\"(max-width: 387px) 100vw, 387px\" \/><\/p>\n<p style=\"text-align: left;\">Producto de diferentes discusiones sanlorencistas iniciadas en 1999, y en torno a una inquietud inicial que era el desapego por la Identidad, la Tradici\u00f3n y el Arraigo sanlorencista, un 20 de Julio de 2000 bautizamos a nuestra agrupaci\u00f3n como <strong>De Boedo Vengo<\/strong>.<br \/>\nLos motivos manifiestos eran diversos en apariencia, pero detr\u00e1s de ellos aparec\u00eda un denominador com\u00fan asociado a los conceptos de Pertenencia, Identidad e Historia vivencial con el Gas\u00f3metro de <strong>Avenida La Plata<\/strong>; hab\u00eda un epicentro sentimental donde en cada uno de nosotros se hab\u00eda fragmentado su vivencia individual respecto a la experiencia acaecida en <strong>Boedo<\/strong>.<br \/>\nA lo largo de todo este tiempo, alcanzamos m\u00faltiples satisfacciones con la posibilidad de converger en un mismo espacio de lucha con otros sectores apartidarios s\u00f3lo movilizados por las firmes convicciones de un <strong>San Lorenzo<\/strong> m\u00e1s grande, movilizado, en Boedo y como una <strong>Asociaci\u00f3n Civil Sin Fines de Lucro<\/strong>.<\/p>\n<p>&nbsp;<\/p>\n<p><iframe title=\"23 A\u00d1OS DEL MISMO LADO\" width=\"720\" height=\"405\" src=\"https:\/\/www.youtube.com\/embed\/-GvB9dMbyaM?feature=oembed\" frameborder=\"0\" allow=\"accelerometer; autoplay; clipboard-write; encrypted-media; gyroscope; picture-in-picture; web-share\" referrerpolicy=\"strict-origin-when-cross-origin\" allowfullscreen><\/iframe><\/p>\n","protected":false},"excerpt":{"rendered":"<p>Producto de diferentes discusiones sanlorencistas iniciadas en 1999, y en torno a una inquietud inicial que era el desapego por la Identidad, la Tradici\u00f3n y el Arraigo sanlorencista, un 20 de Julio de 2000 bautizamos a nuestra agrupaci\u00f3n como De Boedo Vengo. Los motivos manifiestos eran diversos en apariencia, pero detr\u00e1s de ellos aparec\u00eda un [&hellip;]<\/p>\n","protected":false},"author":1,"featured_media":0,"parent":0,"menu_order":0,"comment_status":"closed","ping_status":"closed","template":"","meta":{"footnotes":""},"class_list":["post-161","page","type-page","status-publish","hentry","post"],"yoast_head":"<!-- This site is optimized with the Yoast SEO plugin v23.1 - https:\/\/yoast.com\/wordpress\/plugins\/seo\/ -->\n<title>Quienes somos - DeBoedoVengo<\/title>\n<meta name=\"description\" content=\"Producto de diferentes discusiones sanlorencistas iniciadas en 1999, y en torno a una inquietud inicial que era el desapego por la Identidad, la Tradici\u00f3n y el Arraigo sanlorencista, un 20 de Julio de 2000 bautizamos a nuestra agrupaci\u00f3n como De Boedo Vengo.\" \/>\n<meta name=\"robots\" content=\"index, follow, max-snippet:-1, max-image-preview:large, max-video-preview:-1\" \/>\n<link rel=\"canonical\" href=\"https:\/\/deboedovengo.com\/index.php\/quienes-somos\/\" \/>\n<meta property=\"og:locale\" content=\"es_ES\" \/>\n<meta property=\"og:type\" content=\"article\" \/>\n<meta property=\"og:title\" content=\"Quienes somos - DeBoedoVengo\" \/>\n<meta property=\"og:description\" content=\"Producto de diferentes discusiones sanlorencistas iniciadas en 1999, y en torno a una inquietud inicial que era el desapego por la Identidad, la Tradici\u00f3n y el Arraigo sanlorencista, un 20 de Julio de 2000 bautizamos a nuestra agrupaci\u00f3n como De Boedo Vengo.\" \/>\n<meta property=\"og:url\" content=\"https:\/\/deboedovengo.com\/index.php\/quienes-somos\/\" \/>\n<meta property=\"og:site_name\" content=\"DeBoedoVengo\" \/>\n<meta property=\"article:modified_time\" content=\"2024-10-17T11:32:16+00:00\" \/>\n<meta property=\"og:image\" content=\"https:\/\/deboedovengo.com\/wp-content\/uploads\/2024\/10\/Diseno_sin_titulo__25_-removebg-preview-300x300.png\" \/>\n<meta name=\"twitter:card\" content=\"summary_large_image\" \/>\n<meta name=\"twitter:label1\" content=\"Tiempo de lectura\" \/>\n\t<meta name=\"twitter:data1\" content=\"1 minuto\" \/>\n<script type=\"application\/ld+json\" class=\"yoast-schema-graph\">{\"@context\":\"https:\/\/schema.org\",\"@graph\":[{\"@type\":\"WebPage\",\"@id\":\"https:\/\/deboedovengo.com\/index.php\/quienes-somos\/\",\"url\":\"https:\/\/deboedovengo.com\/index.php\/quienes-somos\/\",\"name\":\"Quienes somos - DeBoedoVengo\",\"isPartOf\":{\"@id\":\"https:\/\/deboedovengo.com\/#website\"},\"primaryImageOfPage\":{\"@id\":\"https:\/\/deboedovengo.com\/index.php\/quienes-somos\/#primaryimage\"},\"image\":{\"@id\":\"https:\/\/deboedovengo.com\/index.php\/quienes-somos\/#primaryimage\"},\"thumbnailUrl\":\"https:\/\/deboedovengo.com\/wp-content\/uploads\/2024\/10\/Diseno_sin_titulo__25_-removebg-preview-300x300.png\",\"datePublished\":\"2024-07-28T21:44:41+00:00\",\"dateModified\":\"2024-10-17T11:32:16+00:00\",\"description\":\"Producto de diferentes discusiones sanlorencistas iniciadas en 1999, y en torno a una inquietud inicial que era el desapego por la Identidad, la Tradici\u00f3n y el Arraigo sanlorencista, un 20 de Julio de 2000 bautizamos a nuestra agrupaci\u00f3n como De Boedo Vengo.\",\"breadcrumb\":{\"@id\":\"https:\/\/deboedovengo.com\/index.php\/quienes-somos\/#breadcrumb\"},\"inLanguage\":\"es\",\"potentialAction\":[{\"@type\":\"ReadAction\",\"target\":[\"https:\/\/deboedovengo.com\/index.php\/quienes-somos\/\"]}]},{\"@type\":\"ImageObject\",\"inLanguage\":\"es\",\"@id\":\"https:\/\/deboedovengo.com\/index.php\/quienes-somos\/#primaryimage\",\"url\":\"https:\/\/deboedovengo.com\/wp-content\/uploads\/2024\/10\/Diseno_sin_titulo__25_-removebg-preview.png\",\"contentUrl\":\"https:\/\/deboedovengo.com\/wp-content\/uploads\/2024\/10\/Diseno_sin_titulo__25_-removebg-preview.png\",\"width\":500,\"height\":500,\"caption\":\"DBV\"},{\"@type\":\"BreadcrumbList\",\"@id\":\"https:\/\/deboedovengo.com\/index.php\/quienes-somos\/#breadcrumb\",\"itemListElement\":[{\"@type\":\"ListItem\",\"position\":1,\"name\":\"Portada\",\"item\":\"https:\/\/deboedovengo.com\/\"},{\"@type\":\"ListItem\",\"position\":2,\"name\":\"Quienes somos\"}]},{\"@type\":\"WebSite\",\"@id\":\"https:\/\/deboedovengo.com\/#website\",\"url\":\"https:\/\/deboedovengo.com\/\",\"name\":\"DeBoedoVengo\",\"description\":\"Boedo\/Argentina\",\"potentialAction\":[{\"@type\":\"SearchAction\",\"target\":{\"@type\":\"EntryPoint\",\"urlTemplate\":\"https:\/\/deboedovengo.com\/?s={search_term_string}\"},\"query-input\":\"required name=search_term_string\"}],\"inLanguage\":\"es\"}]}<\/script>\n<!-- \/ Yoast SEO plugin. -->","yoast_head_json":{"title":"Quienes somos - DeBoedoVengo","description":"Producto de diferentes discusiones sanlorencistas iniciadas en 1999, y en torno a una inquietud inicial que era el desapego por la Identidad, la Tradici\u00f3n y el Arraigo sanlorencista, un 20 de Julio de 2000 bautizamos a nuestra agrupaci\u00f3n como De Boedo Vengo.","robots":{"index":"index","follow":"follow","max-snippet":"max-snippet:-1","max-image-preview":"max-image-preview:large","max-video-preview":"max-video-preview:-1"},"canonical":"https:\/\/deboedovengo.com\/index.php\/quienes-somos\/","og_locale":"es_ES","og_type":"article","og_title":"Quienes somos - DeBoedoVengo","og_description":"Producto de diferentes discusiones sanlorencistas iniciadas en 1999, y en torno a una inquietud inicial que era el desapego por la Identidad, la Tradici\u00f3n y el Arraigo sanlorencista, un 20 de Julio de 2000 bautizamos a nuestra agrupaci\u00f3n como De Boedo Vengo.","og_url":"https:\/\/deboedovengo.com\/index.php\/quienes-somos\/","og_site_name":"DeBoedoVengo","article_modified_time":"2024-10-17T11:32:16+00:00","og_image":[{"url":"https:\/\/deboedovengo.com\/wp-content\/uploads\/2024\/10\/Diseno_sin_titulo__25_-removebg-preview-300x300.png"}],"twitter_card":"summary_large_image","twitter_misc":{"Tiempo de lectura":"1 minuto"},"schema":{"@context":"https:\/\/schema.org","@graph":[{"@type":"WebPage","@id":"https:\/\/deboedovengo.com\/index.php\/quienes-somos\/","url":"https:\/\/deboedovengo.com\/index.php\/quienes-somos\/","name":"Quienes somos - DeBoedoVengo","isPartOf":{"@id":"https:\/\/deboedovengo.com\/#website"},"primaryImageOfPage":{"@id":"https:\/\/deboedovengo.com\/index.php\/quienes-somos\/#primaryimage"},"image":{"@id":"https:\/\/deboedovengo.com\/index.php\/quienes-somos\/#primaryimage"},"thumbnailUrl":"https:\/\/deboedovengo.com\/wp-content\/uploads\/2024\/10\/Diseno_sin_titulo__25_-removebg-preview-300x300.png","datePublished":"2024-07-28T21:44:41+00:00","dateModified":"2024-10-17T11:32:16+00:00","description":"Producto de diferentes discusiones sanlorencistas iniciadas en 1999, y en torno a una inquietud inicial que era el desapego por la Identidad, la Tradici\u00f3n y el Arraigo sanlorencista, un 20 de Julio de 2000 bautizamos a nuestra agrupaci\u00f3n como De Boedo Vengo.","breadcrumb":{"@id":"https:\/\/deboedovengo.com\/index.php\/quienes-somos\/#breadcrumb"},"inLanguage":"es","potentialAction":[{"@type":"ReadAction","target":["https:\/\/deboedovengo.com\/index.php\/quienes-somos\/"]}]},{"@type":"ImageObject","inLanguage":"es","@id":"https:\/\/deboedovengo.com\/index.php\/quienes-somos\/#primaryimage","url":"https:\/\/deboedovengo.com\/wp-content\/uploads\/2024\/10\/Diseno_sin_titulo__25_-removebg-preview.png","contentUrl":"https:\/\/deboedovengo.com\/wp-content\/uploads\/2024\/10\/Diseno_sin_titulo__25_-removebg-preview.png","width":500,"height":500,"caption":"DBV"},{"@type":"BreadcrumbList","@id":"https:\/\/deboedovengo.com\/index.php\/quienes-somos\/#breadcrumb","itemListElement":[{"@type":"ListItem","position":1,"name":"Portada","item":"https:\/\/deboedovengo.com\/"},{"@type":"ListItem","position":2,"name":"Quienes somos"}]},{"@type":"WebSite","@id":"https:\/\/deboedovengo.com\/#website","url":"https:\/\/deboedovengo.com\/","name":"DeBoedoVengo","description":"Boedo\/Argentina","potentialAction":[{"@type":"SearchAction","target":{"@type":"EntryPoint","urlTemplate":"https:\/\/deboedovengo.com\/?s={search_term_string}"},"query-input":"required name=search_term_string"}],"inLanguage":"es"}]}},"_links":{"self":[{"href":"https:\/\/deboedovengo.com\/index.php\/wp-json\/wp\/v2\/pages\/161","targetHints":{"allow":["GET"]}}],"collection":[{"href":"https:\/\/deboedovengo.com\/index.php\/wp-json\/wp\/v2\/pages"}],"about":[{"href":"https:\/\/deboedovengo.com\/index.php\/wp-json\/wp\/v2\/types\/page"}],"author":[{"embeddable":true,"href":"https:\/\/deboedovengo.com\/index.php\/wp-json\/wp\/v2\/users\/1"}],"replies":[{"embeddable":true,"href":"https:\/\/deboedovengo.com\/index.php\/wp-json\/wp\/v2\/comments?post=161"}],"version-history":[{"count":6,"href":"https:\/\/deboedovengo.com\/index.php\/wp-json\/wp\/v2\/pages\/161\/revisions"}],"predecessor-version":[{"id":283,"href":"https:\/\/deboedovengo.com\/index.php\/wp-json\/wp\/v2\/pages\/161\/revisions\/283"}],"wp:attachment":[{"href":"https:\/\/deboedovengo.com\/index.php\/wp-json\/wp\/v2\/media?parent=161"}],"curies":[{"name":"wp","href":"https:\/\/api.w.org\/{rel}","templated":true}]}}